{"id":4772,"date":"2026-01-12T09:43:15","date_gmt":"2026-01-12T09:43:15","guid":{"rendered":"https:\/\/castleinthecity.fr\/?page_id=4772"},"modified":"2026-01-13T20:38:52","modified_gmt":"2026-01-13T20:38:52","slug":"les-secrets-des-caves-de-reims","status":"publish","type":"page","link":"https:\/\/castleinthecity.fr\/en\/les-secrets-des-caves-de-reims\/","title":{"rendered":"The secrets of the cellars of Reims"},"content":{"rendered":"<div class=\"wp-block-getwid-images-slider has-arrows-inside has-dots-inside has-images-center has-cropped-images\"><div class=\"wp-block-getwid-images-slider__wrapper\" data-effect=\"slide\" data-slides-show=\"1\" data-slides-show-laptop=\"1\" data-slides-show-tablet=\"1\" data-slides-show-mobile=\"1\" data-slides-scroll=\"1\" data-autoplay=\"false\" data-pause-hover=\"false\" data-autoplay-speed=\"6000\" data-infinite=\"true\" data-animation-speed=\"800\" data-center-mode=\"false\" data-variable-width=\"false\" data-arrows=\"inside\" data-dots=\"inside\" data-spacing=\"none\"><div class=\"wp-block-getwid-images-slider__item\"><figure><img loading=\"lazy\" decoding=\"async\" width=\"1784\" height=\"1000\" src=\"https:\/\/castleinthecity.fr\/wp-content\/uploads\/2026\/01\/le-3-visitesdescaves.webp\" data-id=\"4785\" data-link=\"https:\/\/castleinthecity.fr\/les-secrets-des-caves-de-reims\/le-3-visitesdescaves\/\" data-original-link=\"https:\/\/castleinthecity.fr\/wp-content\/uploads\/2026\/01\/le-3-visitesdescaves.webp\" class=\"wp-block-getwid-images-slider__image wp-image-4785\" srcset=\"https:\/\/castleinthecity.fr\/wp-content\/uploads\/2026\/01\/le-3-visitesdescaves.webp 1784w, https:\/\/castleinthecity.fr\/wp-content\/uploads\/2026\/01\/le-3-visitesdescaves-300x168.webp 300w, https:\/\/castleinthecity.fr\/wp-content\/uploads\/2026\/01\/le-3-visitesdescaves-1024x574.webp 1024w, https:\/\/castleinthecity.fr\/wp-content\/uploads\/2026\/01\/le-3-visitesdescaves-768x430.webp 768w, https:\/\/castleinthecity.fr\/wp-content\/uploads\/2026\/01\/le-3-visitesdescaves-1536x861.webp 1536w, https:\/\/castleinthecity.fr\/wp-content\/uploads\/2026\/01\/le-3-visitesdescaves-892x500.webp 892w, https:\/\/castleinthecity.fr\/wp-content\/uploads\/2026\/01\/le-3-visitesdescaves-1350x757.webp 1350w\" sizes=\"auto, (max-width: 1784px) 100vw, 1784px\" \/><\/figure><\/div><div class=\"wp-block-getwid-images-slider__item\"><figure><img loading=\"lazy\" decoding=\"async\" width=\"800\" height=\"533\" src=\"https:\/\/castleinthecity.fr\/wp-content\/uploads\/2026\/01\/Champagne-Veuve-Clicquot-Reims-SM-7-.jpeg\" data-id=\"4784\" data-link=\"https:\/\/castleinthecity.fr\/les-secrets-des-caves-de-reims\/champagne-veuve-clicquot-reims-sm-7\/\" data-original-link=\"https:\/\/castleinthecity.fr\/wp-content\/uploads\/2026\/01\/Champagne-Veuve-Clicquot-Reims-SM-7-.jpeg\" class=\"wp-block-getwid-images-slider__image wp-image-4784\" srcset=\"https:\/\/castleinthecity.fr\/wp-content\/uploads\/2026\/01\/Champagne-Veuve-Clicquot-Reims-SM-7-.jpeg 800w, https:\/\/castleinthecity.fr\/wp-content\/uploads\/2026\/01\/Champagne-Veuve-Clicquot-Reims-SM-7--300x200.jpeg 300w, https:\/\/castleinthecity.fr\/wp-content\/uploads\/2026\/01\/Champagne-Veuve-Clicquot-Reims-SM-7--768x512.jpeg 768w\" sizes=\"auto, (max-width: 800px) 100vw, 800px\" \/><\/figure><\/div><div class=\"wp-block-getwid-images-slider__item\"><figure><img loading=\"lazy\" decoding=\"async\" width=\"1200\" height=\"800\" src=\"https:\/\/castleinthecity.fr\/wp-content\/uploads\/2026\/01\/cave-champagne-galerie.jpg\" data-id=\"4787\" data-link=\"https:\/\/castleinthecity.fr\/les-secrets-des-caves-de-reims\/cave-champagne-galerie\/\" data-original-link=\"https:\/\/castleinthecity.fr\/wp-content\/uploads\/2026\/01\/cave-champagne-galerie.jpg\" class=\"wp-block-getwid-images-slider__image wp-image-4787\" srcset=\"https:\/\/castleinthecity.fr\/wp-content\/uploads\/2026\/01\/cave-champagne-galerie.jpg 1200w, https:\/\/castleinthecity.fr\/wp-content\/uploads\/2026\/01\/cave-champagne-galerie-300x200.jpg 300w, https:\/\/castleinthecity.fr\/wp-content\/uploads\/2026\/01\/cave-champagne-galerie-1024x683.jpg 1024w, https:\/\/castleinthecity.fr\/wp-content\/uploads\/2026\/01\/cave-champagne-galerie-768x512.jpg 768w, https:\/\/castleinthecity.fr\/wp-content\/uploads\/2026\/01\/cave-champagne-galerie-892x595.jpg 892w\" sizes=\"auto, (max-width: 1200px) 100vw, 1200px\" \/><\/figure><\/div><\/div><\/div>\n\n\n\n<h2 class=\"wp-block-heading has-text-align-center\"><strong>\ud83d\udd6f\ufe0f The secrets of the Champagne cellars: immersion in the heart of underground heritage<\/strong><\/h2>\n\n\n\n<div style=\"height:50px\" aria-hidden=\"true\" class=\"wp-block-spacer\"><\/div>\n\n\n\n<p>Dive into the <strong>Champagne cellars<\/strong>, is to discover one of the region's most fascinating treasures. Beneath Reims and its surroundings lies a spectacular network of <strong>caves et cray\u00e8res souterraines<\/strong>, veritable stone cathedrals where Champagne slowly ages before being enjoyed.<\/p>\n\n\n\n<p>These cellars, some of which were dug over two thousand years ago, offer ideal temperature and humidity conditions. They are at the heart of the <strong>Champagne expertise<\/strong>, where each bottle matures patiently according to methods passed down from generation to generation. Some of these chalk cellars are now <strong>listed as UNESCO World Heritage Sites<\/strong>, particularly in the region of <strong>Reims Mountain<\/strong>.<\/p>\n\n\n\n<p>Stay in a <strong><a href=\"https:\/\/castleinthecity.fr\/en\/appartements-2\/\" title=\"Our Apartments\">apartment in Reims<\/a><\/strong> provides easy access to <strong>Champagne cellar tours<\/strong>, offered by both major houses and smaller estates. These tours reveal the <strong>secrets of Champagne production<\/strong>, from fermentation to blending, often accompanied by a <strong>tasting<\/strong> in a unique setting steeped in history.<\/p>\n\n\n\n<p>Cellar tours are ideal for:<\/p>\n\n\n\n<ul class=\"wp-block-list\">\n<li>understand the soul and history of Champagne,<\/li>\n\n\n\n<li>Live a <strong>immersive and authentic experience<\/strong>,<\/li>\n\n\n\n<li>complete a vineyard tour,<\/li>\n\n\n\n<li>enrich a <strong>wine-tasting trip to Reims<\/strong>.<\/li>\n<\/ul>\n\n\n\n<p>\ud83d\udca1 <strong>Local council<\/strong> : don't hesitate to <strong><a href=\"https:\/\/castleinthecity.fr\/en\/a-propos\/\" title=\"Your Host\">ask Ludivine, your host<\/a><\/strong>, her <strong>recommended wineries to visit<\/strong>, its recommendations for iconic houses or more off-the-beaten-track visits to discover the <strong>Champagne's best-kept secrets<\/strong>.<\/p>\n\n\n\n<div style=\"height:25px\" aria-hidden=\"true\" class=\"wp-block-spacer\"><\/div>\n\n\n\n<div class=\"wp-block-buttons is-content-justification-center is-layout-flex wp-container-core-buttons-is-layout-a89b3969 wp-block-buttons-is-layout-flex\">\n<div class=\"wp-block-button\"><a class=\"wp-block-button__link wp-element-button\" href=\"https:\/\/castleinthecity.fr\/en\/appartements-2\/\">See the apartments<\/a><\/div>\n<\/div>","protected":false},"excerpt":{"rendered":"<p>\ud83d\udd6f\ufe0f Les secrets des caves de Champagne : immersion au c\u0153ur du patrimoine souterrain Plonger dans les caves de Champagne, c\u2019est d\u00e9couvrir l\u2019un des tr\u00e9sors les plus fascinants de la r\u00e9gion. Sous Reims et ses environs se cache un r\u00e9seau spectaculaire de caves et cray\u00e8res souterraines, v\u00e9ritables cath\u00e9drales de pierre o\u00f9 le Champagne repose lentement [&hellip;]<\/p>","protected":false},"author":1,"featured_media":0,"parent":0,"menu_order":0,"comment_status":"closed","ping_status":"closed","template":"","meta":{"inline_featured_image":false,"_monsterinsights_skip_tracking":false,"_monsterinsights_sitenote_active":false,"_monsterinsights_sitenote_note":"","_monsterinsights_sitenote_category":0,"footnotes":""},"class_list":["post-4772","page","type-page","status-publish","hentry"],"aioseo_notices":[],"_links":{"self":[{"href":"https:\/\/castleinthecity.fr\/en\/wp-json\/wp\/v2\/pages\/4772","targetHints":{"allow":["GET"]}}],"collection":[{"href":"https:\/\/castleinthecity.fr\/en\/wp-json\/wp\/v2\/pages"}],"about":[{"href":"https:\/\/castleinthecity.fr\/en\/wp-json\/wp\/v2\/types\/page"}],"author":[{"embeddable":true,"href":"https:\/\/castleinthecity.fr\/en\/wp-json\/wp\/v2\/users\/1"}],"replies":[{"embeddable":true,"href":"https:\/\/castleinthecity.fr\/en\/wp-json\/wp\/v2\/comments?post=4772"}],"version-history":[{"count":5,"href":"https:\/\/castleinthecity.fr\/en\/wp-json\/wp\/v2\/pages\/4772\/revisions"}],"predecessor-version":[{"id":4833,"href":"https:\/\/castleinthecity.fr\/en\/wp-json\/wp\/v2\/pages\/4772\/revisions\/4833"}],"wp:attachment":[{"href":"https:\/\/castleinthecity.fr\/en\/wp-json\/wp\/v2\/media?parent=4772"}],"curies":[{"name":"wp","href":"https:\/\/api.w.org\/{rel}","templated":true}]}}