{"id":4752,"date":"2026-01-12T09:15:35","date_gmt":"2026-01-12T09:15:35","guid":{"rendered":"https:\/\/castleinthecity.fr\/?page_id=4752"},"modified":"2026-01-13T20:34:20","modified_gmt":"2026-01-13T20:34:20","slug":"les-grandes-maisons-de-champagne","status":"publish","type":"page","link":"https:\/\/castleinthecity.fr\/en\/les-grandes-maisons-de-champagne\/","title":{"rendered":"The Great Houses of Champagne"},"content":{"rendered":"<div class=\"wp-block-getwid-images-slider has-arrows-inside has-dots-inside has-images-center has-cropped-images has-fixed-height\"><div class=\"wp-block-getwid-images-slider__wrapper\" data-effect=\"slide\" data-slides-show=\"1\" data-slides-show-laptop=\"1\" data-slides-show-tablet=\"1\" data-slides-show-mobile=\"1\" data-slides-scroll=\"1\" data-autoplay=\"false\" data-pause-hover=\"false\" data-autoplay-speed=\"6000\" data-infinite=\"true\" data-animation-speed=\"800\" data-center-mode=\"false\" data-variable-width=\"false\" data-arrows=\"inside\" data-dots=\"inside\" data-spacing=\"none\"><div class=\"wp-block-getwid-images-slider__item\" style=\"height:800px\"><figure><img loading=\"lazy\" decoding=\"async\" width=\"1935\" height=\"951\" src=\"https:\/\/castleinthecity.fr\/wp-content\/uploads\/2026\/01\/17af32f66a9101fd956fae619568a1569525a8876ab17d1872cb86ef003b1bc8.png\" data-id=\"4759\" data-link=\"https:\/\/castleinthecity.fr\/les-grandes-maisons-de-champagne\/17af32f66a9101fd956fae619568a1569525a8876ab17d1872cb86ef003b1bc8\/\" data-original-link=\"https:\/\/castleinthecity.fr\/wp-content\/uploads\/2026\/01\/17af32f66a9101fd956fae619568a1569525a8876ab17d1872cb86ef003b1bc8.png\" class=\"wp-block-getwid-images-slider__image wp-image-4759\" srcset=\"https:\/\/castleinthecity.fr\/wp-content\/uploads\/2026\/01\/17af32f66a9101fd956fae619568a1569525a8876ab17d1872cb86ef003b1bc8.png 1935w, https:\/\/castleinthecity.fr\/wp-content\/uploads\/2026\/01\/17af32f66a9101fd956fae619568a1569525a8876ab17d1872cb86ef003b1bc8-300x147.png 300w, https:\/\/castleinthecity.fr\/wp-content\/uploads\/2026\/01\/17af32f66a9101fd956fae619568a1569525a8876ab17d1872cb86ef003b1bc8-1024x503.png 1024w, https:\/\/castleinthecity.fr\/wp-content\/uploads\/2026\/01\/17af32f66a9101fd956fae619568a1569525a8876ab17d1872cb86ef003b1bc8-768x377.png 768w, https:\/\/castleinthecity.fr\/wp-content\/uploads\/2026\/01\/17af32f66a9101fd956fae619568a1569525a8876ab17d1872cb86ef003b1bc8-1536x755.png 1536w, https:\/\/castleinthecity.fr\/wp-content\/uploads\/2026\/01\/17af32f66a9101fd956fae619568a1569525a8876ab17d1872cb86ef003b1bc8-892x438.png 892w, https:\/\/castleinthecity.fr\/wp-content\/uploads\/2026\/01\/17af32f66a9101fd956fae619568a1569525a8876ab17d1872cb86ef003b1bc8-1350x663.png 1350w, https:\/\/castleinthecity.fr\/wp-content\/uploads\/2026\/01\/17af32f66a9101fd956fae619568a1569525a8876ab17d1872cb86ef003b1bc8-1920x944.png 1920w\" sizes=\"auto, (max-width: 1935px) 100vw, 1935px\" \/><\/figure><\/div><div class=\"wp-block-getwid-images-slider__item\" style=\"height:800px\"><figure><img loading=\"lazy\" decoding=\"async\" width=\"1942\" height=\"1953\" src=\"https:\/\/castleinthecity.fr\/wp-content\/uploads\/2026\/01\/taittinger-lamarquetterie.jpg\" data-id=\"4758\" data-link=\"https:\/\/castleinthecity.fr\/les-grandes-maisons-de-champagne\/taittinger-lamarquetterie\/\" data-original-link=\"https:\/\/castleinthecity.fr\/wp-content\/uploads\/2026\/01\/taittinger-lamarquetterie.jpg\" class=\"wp-block-getwid-images-slider__image wp-image-4758\" srcset=\"https:\/\/castleinthecity.fr\/wp-content\/uploads\/2026\/01\/taittinger-lamarquetterie.jpg 1942w, https:\/\/castleinthecity.fr\/wp-content\/uploads\/2026\/01\/taittinger-lamarquetterie-298x300.jpg 298w, https:\/\/castleinthecity.fr\/wp-content\/uploads\/2026\/01\/taittinger-lamarquetterie-1018x1024.jpg 1018w, https:\/\/castleinthecity.fr\/wp-content\/uploads\/2026\/01\/taittinger-lamarquetterie-150x150.jpg 150w, https:\/\/castleinthecity.fr\/wp-content\/uploads\/2026\/01\/taittinger-lamarquetterie-768x772.jpg 768w, https:\/\/castleinthecity.fr\/wp-content\/uploads\/2026\/01\/taittinger-lamarquetterie-1527x1536.jpg 1527w, https:\/\/castleinthecity.fr\/wp-content\/uploads\/2026\/01\/taittinger-lamarquetterie-892x897.jpg 892w, https:\/\/castleinthecity.fr\/wp-content\/uploads\/2026\/01\/taittinger-lamarquetterie-1350x1358.jpg 1350w, https:\/\/castleinthecity.fr\/wp-content\/uploads\/2026\/01\/taittinger-lamarquetterie-1920x1931.jpg 1920w\" sizes=\"auto, (max-width: 1942px) 100vw, 1942px\" \/><\/figure><\/div><\/div><\/div>\n\n\n\n<h2 class=\"wp-block-heading has-text-align-center\"><strong>Champagne Houses &amp; Accommodation \u2013 Stay in the heart of Reims' great houses<\/strong><\/h2>\n\n\n\n<div style=\"height:50px\" aria-hidden=\"true\" class=\"wp-block-spacer\"><\/div>\n\n\n\n<p>Stay in a <strong>Castle In The City apartment<\/strong>, it means choosing a <strong>prime location<\/strong>, as close as possible to <strong>largest Champagne Houses<\/strong>. This sought-after neighborhood is the perfect place to discover the excellence of Champagne <strong>on foot<\/strong>, while enjoying comfortable and centrally located accommodation.<\/p>\n\n\n\n<p>Just a few minutes from your apartment, you will find iconic houses such as <strong>Champagne Mumm<\/strong>, renowned for its history and spectacular cellars, <strong>Champagne Pommery<\/strong>, famous for its majestic estate listed by UNESCO, <strong>Champagne Taittinger<\/strong>, renowned for its Gallo-Roman chalk mines, as well as the prestigious <strong>Veuve Clicquot<\/strong>, easily accessible from the accommodation.<\/p>\n\n\n\n<p>Choose a <strong><a href=\"https:\/\/castleinthecity.fr\/en\/appartements-2\/\" title=\"Our Apartments\">apartment rental near the Champagne Houses in Reims<\/a><\/strong>, is to enjoy an authentic experience, between <strong>tastings, heritage, and lifestyle<\/strong>. The neighborhood offers a perfect balance between tourist activity and tranquility, ideal for a <strong>wine tour<\/strong>, a weekend getaway or a business trip.<\/p>\n\n\n\n<p>\ud83d\udca1 <strong>Local council<\/strong> : don't hesitate to <strong><a href=\"https:\/\/castleinthecity.fr\/en\/a-propos\/\" title=\"Your Host\">ask Ludivine, your host<\/a><\/strong>, her <strong>best places<\/strong>, her recommendations for cellars to visit, restaurants, and exclusive tastings to experience Reims like a local.<\/p>\n\n\n\n<div style=\"height:25px\" aria-hidden=\"true\" class=\"wp-block-spacer\"><\/div>\n\n\n\n<div class=\"wp-block-buttons is-content-justification-center is-layout-flex wp-container-core-buttons-is-layout-a89b3969 wp-block-buttons-is-layout-flex\">\n<div class=\"wp-block-button\"><a class=\"wp-block-button__link wp-element-button\" href=\"https:\/\/castleinthecity.fr\/en\/appartements-2\/\">See the apartments<\/a><\/div>\n<\/div>","protected":false},"excerpt":{"rendered":"<p>Maisons de Champagne &amp; logements \u2013 S\u00e9journer au c\u0153ur des grandes maisons de Reims S\u00e9journer dans un appartement du Castle In The City, c\u2019est choisir un emplacement privil\u00e9gi\u00e9, au plus pr\u00e8s des plus grandes Maisons de Champagne. Ce quartier recherch\u00e9 permet de d\u00e9couvrir l\u2019excellence champenoise \u00e0 pied, tout en profitant d\u2019un logement confortable et central. [&hellip;]<\/p>","protected":false},"author":1,"featured_media":0,"parent":0,"menu_order":0,"comment_status":"closed","ping_status":"closed","template":"","meta":{"inline_featured_image":false,"_monsterinsights_skip_tracking":false,"_monsterinsights_sitenote_active":false,"_monsterinsights_sitenote_note":"","_monsterinsights_sitenote_category":0,"footnotes":""},"class_list":["post-4752","page","type-page","status-publish","hentry"],"aioseo_notices":[],"_links":{"self":[{"href":"https:\/\/castleinthecity.fr\/en\/wp-json\/wp\/v2\/pages\/4752","targetHints":{"allow":["GET"]}}],"collection":[{"href":"https:\/\/castleinthecity.fr\/en\/wp-json\/wp\/v2\/pages"}],"about":[{"href":"https:\/\/castleinthecity.fr\/en\/wp-json\/wp\/v2\/types\/page"}],"author":[{"embeddable":true,"href":"https:\/\/castleinthecity.fr\/en\/wp-json\/wp\/v2\/users\/1"}],"replies":[{"embeddable":true,"href":"https:\/\/castleinthecity.fr\/en\/wp-json\/wp\/v2\/comments?post=4752"}],"version-history":[{"count":8,"href":"https:\/\/castleinthecity.fr\/en\/wp-json\/wp\/v2\/pages\/4752\/revisions"}],"predecessor-version":[{"id":4832,"href":"https:\/\/castleinthecity.fr\/en\/wp-json\/wp\/v2\/pages\/4752\/revisions\/4832"}],"wp:attachment":[{"href":"https:\/\/castleinthecity.fr\/en\/wp-json\/wp\/v2\/media?parent=4752"}],"curies":[{"name":"wp","href":"https:\/\/api.w.org\/{rel}","templated":true}]}}